{"id":78,"date":"2017-11-08T14:32:51","date_gmt":"2017-11-08T13:32:51","guid":{"rendered":"https:\/\/hoersaele.blogs.ruhr-uni-bochum.de\/?page_id=78"},"modified":"2019-09-16T14:14:35","modified_gmt":"2019-09-16T12:14:35","slug":"eigene-publikationen","status":"publish","type":"page","link":"https:\/\/hoersaele.blogs.ruhr-uni-bochum.de\/?page_id=78","title":{"rendered":"Eigene Publikationen"},"content":{"rendered":"<p style=\"text-align: justify;\"><strong>Natalie Binczek:<\/strong><\/p>\n<p>Binczek, Natalie: Literatur und Audiokultur, in: Natalie Binczek und Uwe Wirth (Hg.): Literatur und Audiokultur, Berlin\/Boston: de Gruyter (=Handb\u00fccher zur kulturwissenschaftlichen Philologie (HKP)) 2020 (im Druck).<\/p>\n<p>Binczek, Natalie: Aussprachen und Sprechweisen. Die Medialit\u00e4t des artikulatorischen Akzents. In: Hajnalka Hal\u00e1sz und Csongor L\u00f6rincz (Hrsg.): Sprachmedialit\u00e4t. Verflechtungen von Sprach- und Medienbegriffen. Bielefeld 2019, S. 99-114.<\/p>\n<p>Binczek, Natalie: Netzwerke der Literatur. Die Poetikvorlesung als \u201eein Ensemble von Beziehungen\u201c in Marcel Beyers \u201eDas blindgeweinte Jahrhundert\u201c. In: Zeitschrift f\u00fcr Germanistik, 29\/1 (2019), S. 100-110.<\/p>\n<p>Binczek, Natalie: Textgerede im H\u00f6rsaal. Die Frankfurter Poetikvorlesung von Thomas Meinecke. In: David-Christopher Assmann und Nicola Menzel (Hrsg.): Textgerede. Interferenzen von M\u00fcndlichkeit und Schriftlichkeit in der Gegenwartsliteratur. Paderborn 2018, S. 249-264.<\/p>\n<p>Binczek, Natalie: Roland Barthes\u2018 Bausteine zu einer Theorie des Interviews: Eine medienanalytische Reflexion. In: Sprache und Literatur, Hf. 177 (2018), S. 85-96.<\/p>\n<p style=\"text-align: justify;\">Binczek, Natalie: Gespr\u00e4chsliteratur \u2013 Goethes Diktate. In: Friedrich Balke, Rupert Gaderer (Hrsg.): Medienphilologie. Konturen eines Paradigmas. G\u00f6ttingen: Wallstein 2017, S. 225-253.\u00a0<a href=\"https:\/\/hoersaele.blogs.ruhr-uni-bochum.de\/wp-content\/uploads\/2017\/11\/Binczek-Gespr\u00e4chsliteratur-Goethes-Diktate.pdf\" target=\"_blank\" rel=\"noopener noreferrer\">pdf<\/a><\/p>\n<p style=\"text-align: justify;\">Binczek, Natalie: H\u00f6rspiel\/H\u00f6rbuch. In: Till Dembeck, Rolf Parr (Hrsg.): Literatur und Mehrsprachigkeit. Ein Handbuch. T\u00fcbingen: Narr 2017, S. 309-319.\u00a0<a href=\"https:\/\/hoersaele.blogs.ruhr-uni-bochum.de\/wp-content\/uploads\/2017\/11\/Binczek-H\u00f6rspiel-\uf022-H\u00f6rbuch.pdf\" target=\"_blank\" rel=\"noopener noreferrer\">pdf<\/a><\/p>\n<p style=\"text-align: justify;\">Binczek, Natalie: Mittler und Vermittlungen. Formen der Umschrift in Thomas Bernhards Erz\u00e4hlung &#8222;Gothe schtirbt&#8220;. In\u00a0Text + Kritik: Thomas Bernhard<em>,<\/em>\u00a0H. 43 (2016), S. 29-40.\u00a0<a href=\"https:\/\/hoersaele.blogs.ruhr-uni-bochum.de\/wp-content\/uploads\/2017\/11\/Binczek-Mittler-und-Vermittler.pdf\" target=\"_blank\" rel=\"noopener noreferrer\">pdf<\/a><\/p>\n<p style=\"text-align: justify;\">Binczek, Natalie: Roland Barthes\u2019 Vorlesungsmanuskripte <em>Die Vorbereitung des Romans<\/em> und das Engangement, eine Vorlesung zu halten. In: J\u00fcrgen Brokoff, Ursula Geitner, Kerstin St\u00fcssel (Hrsg.): Engagement. Konzepte von Gegenwart und Gegenwartsliteratur. G\u00f6ttingen: V&amp;R-unipress 2016, S. 249-268.\u00a0<a href=\"https:\/\/hoersaele.blogs.ruhr-uni-bochum.de\/wp-content\/uploads\/2017\/11\/Binczek-Roland-Barthes.pdf\" target=\"_blank\" rel=\"noopener noreferrer\">pdf<\/a><\/p>\n<p style=\"text-align: justify;\">Binczek, Natalie; Epping-J\u00e4ger, Cornelia: Einleitung. In: Natalie Binczek, Cornelia Epping-J\u00e4ger (Hrsg.): Das Diktat. Phono-graphische Verfahren der Aufschreibung. M\u00fcnchen: Fink 2015, S. 7-16.\u00a0<a href=\"https:\/\/hoersaele.blogs.ruhr-uni-bochum.de\/wp-content\/uploads\/2017\/11\/Binczek-Epping-J\u00e4ger-Einleitung-Das-Diktat.pdf\" target=\"_blank\" rel=\"noopener noreferrer\">pdf<\/a><\/p>\n<p style=\"text-align: justify;\">Binczek, Natalie: \u201aKopistenbesch\u00e4ftigung\u2019. Diktate in Rilkes <em>Malte Laurids Brigge<\/em>. In: Natalie Binczek, Cornelia Epping-J\u00e4ger (Hrsg.): Das Diktat. Phono-graphische Verfahren der Aufschreibung. M\u00fcnchen: Fink 2015, S. 239-258.\u00a0<a href=\"https:\/\/hoersaele.blogs.ruhr-uni-bochum.de\/wp-content\/uploads\/2017\/11\/Binczek-Kopistenbesch\u00e4ftigung.pdf\" target=\"_blank\" rel=\"noopener noreferrer\">pdf<\/a><\/p>\n<p style=\"text-align: justify;\">Binczek, Natalie; Epping-J\u00e4ger, Cornelia: Einleitung. In: Natalie Binczek, Cornelia Epping-J\u00e4ger (Hrsg.): Das H\u00f6rbuch. Praktiken audioliteralen Schreibens und Verstehens. M\u00fcnchen: Fink 2014, S. 7-12.\u00a0<a href=\"https:\/\/hoersaele.blogs.ruhr-uni-bochum.de\/wp-content\/uploads\/2017\/11\/Binczek-Epping-J\u00e4ger-Einleitung-Das-H\u00f6rbuch.pdf\" target=\"_blank\" rel=\"noopener noreferrer\">pdf<\/a><\/p>\n<p style=\"text-align: justify;\">Binczek, Natalie: Einen Text \u201azu umschneiden und von seiner Unterlage abzupr\u00e4parieren\u2019. Elfriede Jelineks \u201eMoosbrugger will nichts von sich wissen\u201c. In: Natalie Binczek, Cornelia Epping-J\u00e4ger (Hrsg.): Das H\u00f6rbuch. Praktiken audioliteralen Schreibens und Verstehens. M\u00fcnchen: Fink 2014, S. 157-177.\u00a0<a href=\"https:\/\/hoersaele.blogs.ruhr-uni-bochum.de\/wp-content\/uploads\/2017\/11\/Binczek-Einen-Text-zu-umschneiden-und-von-seiner-Unterlage-abzupr\u00e4parieren.pdf\" target=\"_blank\" rel=\"noopener noreferrer\">pdf<\/a><\/p>\n<p style=\"text-align: justify;\">Binczek, Natalie: Diktieren. In:\u00a0Zeitschrift f\u00fcr Medienwissenschaft, H. 9 (2013), S. 175-179.\u00a0<a href=\"https:\/\/hoersaele.blogs.ruhr-uni-bochum.de\/wp-content\/uploads\/2017\/11\/Binczek-Diktieren.pdf\" target=\"_blank\" rel=\"noopener noreferrer\">pdf<\/a><\/p>\n<p style=\"text-align: justify;\">Binczek, Natalie: Literatur als Sprechtext. Peter Kurzeck erz\u00e4hlt das Dorf seiner Kindheit, In:\u00a0Text + Kritik: Literatur und H\u00f6rbuch, H. 196 (2012), S. 60-70.\u00a0<a href=\"https:\/\/hoersaele.blogs.ruhr-uni-bochum.de\/wp-content\/uploads\/2017\/11\/Binczek-Literatur-als-Sprechtext.pdf\" target=\"_blank\" rel=\"noopener noreferrer\">pdf<\/a><\/p>\n<p style=\"text-align: justify;\">Binczek, Natalie: Zwischen den Stockwerken. Textr\u00e4ume in Thomas Bernhards Lesung \u201eDer Hutmacher\u201c. In: Uwe Wirth (Hrsg.):\u00a0Bewegen im Zwischenraum. Berlin: Kadmos 2012, S. 237-261.\u00a0<a href=\"https:\/\/hoersaele.blogs.ruhr-uni-bochum.de\/wp-content\/uploads\/2017\/11\/Binczek-Zwischen-den-Stockwerken.pdf\" target=\"_blank\" rel=\"noopener noreferrer\">pdf<\/a><\/p>\n<p style=\"text-align: justify;\">Binczek, Natalie: Material ordnen. Rolf Dieter Brinkmanns akustische Nachlassedition <em>W\u00f6rter Sex Schnitt<\/em>. In: Thomas Wegmann, Norbert Christian Wolf (Hrsg.): \u201aHigh\u2019 und \u201alow\u2019. Zur Interferenz von Hoch- und Popkultur in der Gegenwartsliteratur. Berlin\/Boston: De Gruyter 2012, S. 57-82.\u00a0<a href=\"https:\/\/hoersaele.blogs.ruhr-uni-bochum.de\/wp-content\/uploads\/2017\/11\/Binczek-Das-Material-ordnen.pdf\" target=\"_blank\" rel=\"noopener noreferrer\">pdf<\/a><\/p>\n<p style=\"text-align: justify;\">Binczek, Natalie: <em>Kommunikative Vernetzungen<\/em>. Gedicht und Erz\u00e4hlung in Joseph von Eichendorffs \u201eAhnung und Gegenwart\u201c und \u201eDas Schlo\u00df D\u00fcrande\u201c. In: Matthias Buschmeier, Till Dembeck (Hrsg.): Textbewegungen 1800\/1900. W\u00fcrzburg: K\u00f6nigshausen &amp; Neumann 2007, S. 302-322.\u00a0<a href=\"https:\/\/hoersaele.blogs.ruhr-uni-bochum.de\/wp-content\/uploads\/2017\/11\/Binczek-Kommunikative-Vernetzungen.pdf\" target=\"_blank\" rel=\"noopener noreferrer\">pdf<\/a><\/p>\n<p style=\"text-align: justify;\">\n<p style=\"text-align: justify;\"><strong>Cornelia Epping-J\u00e4ger:<\/strong><\/p>\n<p>Epping-J\u00e4ger, Cornelia: Der neue Ton. Die Reetablierung des literarischen Feldes nach dem Ende des Nationalsozialismus, in: Natalie Binczek und Uwe Wirth (Hg.): Literatur und Audiokultur, Berlin\/Boston: de Gruyter (=Handb\u00fccher zur kulturwissenschaftlichen Philologie (HKP)) 2020 (im Druck).<\/p>\n<p>Epping-J\u00e4ger, Cornelia: LautSprecher. In: Daniel Monat, Hansjakob Ziemer (Hrsg.): Handbuch Sound. Geschichte &#8211; Begriffe &#8211; Ans\u00e4tze.\u00a0Stuttgart: Metzler 2018, S. 396-400.<\/p>\n<p>Epping-J\u00e4ger, Cornelia: Mediale Kulturen: Lautlichkeit. In: Ludwig J\u00e4ger, Werner Holly, Sam Weber, Peter Krapp (Hrsg.): Sprache-Kultur-Kommunikation. Ein Internationales Handbuch zur Linguistik als Kulturwissenschaft. Berlin\/New York: de Gruyter 2016, S. 435-447.<\/p>\n<p style=\"text-align: justify;\">Binczek, Natalie; Epping-J\u00e4ger, Cornelia: Einleitung. In: Natalie Binczek, Cornelia Epping-J\u00e4ger (Hrsg.): Das Diktat. Phono-graphische Verfahren der Aufschreibung. M\u00fcnchen: Fink 2015, S. 7-16.\u00a0<a href=\"https:\/\/hoersaele.blogs.ruhr-uni-bochum.de\/wp-content\/uploads\/2017\/11\/Binczek-Epping-J\u00e4ger-Einleitung-Das-Diktat.pdf\" target=\"_blank\" rel=\"noopener noreferrer\">pdf<\/a><\/p>\n<p style=\"text-align: justify;\">Epping-J\u00e4ger, Cornelia: Die Diktatszene. Aufschreiben, Einschreiben, Vorschreiben. In: Natalie Binczek, Cornelia Epping-J\u00e4ger (Hrsg.): Das Diktat. Phono-graphische Verfahren der Aufschreibung. M\u00fcnchen: Fink 2015, S. 17-30.\u00a0<a href=\"https:\/\/hoersaele.blogs.ruhr-uni-bochum.de\/wp-content\/uploads\/2017\/11\/Epping-J\u00e4ger-Die-Diktatszene.pdf\" target=\"_blank\" rel=\"noopener noreferrer\">pdf<\/a><\/p>\n<p style=\"text-align: justify;\">Binczek, Natalie; Epping-J\u00e4ger, Cornelia: Einleitung. In: Natalie Binczek, Cornelia Epping-J\u00e4ger (Hrsg.): Das H\u00f6rbuch. Praktiken audioliteralen Schreibens und Verstehens. M\u00fcnchen: Fink 2014, S. 7-12.\u00a0<a href=\"https:\/\/hoersaele.blogs.ruhr-uni-bochum.de\/wp-content\/uploads\/2017\/11\/Binczek-Epping-J\u00e4ger-Einleitung-Das-H\u00f6rbuch.pdf\" target=\"_blank\" rel=\"noopener noreferrer\">pdf<\/a><\/p>\n<p style=\"text-align: justify;\">Epping-J\u00e4ger, Cornelia: \u201aDie verfluchte Gegenwart \u2013 und dann das Erstaunen, dass ich das sage\u2019. Rolf Dieter Brinkmann und das Tonband als produktions\u00e4sthetische Maschine. In: Natalie Binczek, Cornelia Epping-J\u00e4ger (Hrsg.): Das H\u00f6rbuch. Praktiken audioliteralen Schreibens und Verstehens. M\u00fcnchen: Fink 2014, S. 137-156.\u00a0<a href=\"https:\/\/hoersaele.blogs.ruhr-uni-bochum.de\/wp-content\/uploads\/2017\/11\/Epping-J\u00e4ger-Rolf-Dieter-Brinkmann-und-das-Tonband.pdf\" target=\"_blank\" rel=\"noopener noreferrer\">pdf<\/a><\/p>\n<p style=\"text-align: justify;\">Epping-J\u00e4ger, Cornelia: Rolf Dieter Brinkmann: \u201aDie W\u00f6rter sind b\u00f6se\u2019 \/ \u201aW\u00f6rter Sex Schnitt\u2019. In: Text + Kritik: Literatur und H\u00f6rbuch, H. 196 (2012), S. 48-59.\u00a0<a href=\"https:\/\/hoersaele.blogs.ruhr-uni-bochum.de\/wp-content\/uploads\/2017\/11\/Epping-J\u00e4ger-Die-W\u00f6rter-sind-b\u00f6se.pdf\" target=\"_blank\" rel=\"noopener noreferrer\">pdf<\/a><\/p>\n<p style=\"text-align: justify;\">Epping-J\u00e4ger, Cornelia: \u201eDiese Stimme mu\u00dfte angefochten werden\u201c. Paul Celans Lesung vor der Gruppe 47 als Stimmereignis. In: G\u00fcnter Butzer, Joachim Jacob (Hrsg.): Ber\u00fchrungen. Komparatistische Perspektiven auf die deutsche Nachkriegsliteratur. M\u00fcnchen: Fink 2012, S. 263-280.\u00a0<a href=\"https:\/\/hoersaele.blogs.ruhr-uni-bochum.de\/wp-content\/uploads\/2017\/11\/Nr1479a_2012_Epping-Jaeger_Celan.pdf\" target=\"_blank\" rel=\"noopener noreferrer\">pdf<\/a><\/p>\n<p style=\"text-align: justify;\">Epping-J\u00e4ger, Cornelia: <em>LautSprecher<\/em>-Passagen. Zu den Umbauten eines Dispositivs der Massenkommunikation vor und nach 1945. In: Cornelia Epping-J\u00e4ger, Irmela Schneider (Hrsg.): Formationen der Mediennutzung III. Dispositive Ordnungen im Umbau. Bielefeld: transcript 2008, S. 17-42.\u00a0<a href=\"https:\/\/hoersaele.blogs.ruhr-uni-bochum.de\/wp-content\/uploads\/2017\/11\/Epping-J\u00e4ger-LautSprecher.pdf\" target=\"_blank\" rel=\"noopener noreferrer\">pdf<\/a><\/p>\n<p style=\"text-align: justify;\">Epping-J\u00e4ger, Cornelia: Modern Talking. Wie aus einer Politik der <em>reeducation<\/em> eine Politik der <em>reorientation<\/em> wurde. In: Cornelia Epping-J\u00e4ger, Irmela Schneider (Hrsg.): Formationen der Mediennutzung III. Dispositive Ordnungen im Umbau. Bielefeld: transcript 2008, S. 63-76.\u00a0<a href=\"https:\/\/hoersaele.blogs.ruhr-uni-bochum.de\/wp-content\/uploads\/2017\/11\/Epping-J\u00e4ger-Modern-Talking.pdf\" target=\"_blank\" rel=\"noopener noreferrer\">pdf<\/a><\/p>\n<p style=\"text-align: justify;\">Epping-J\u00e4ger, Cornelia: Der \u201aunerl\u00e4sslich ruhige Ton\u2019. Umbauten der Stimmkultur zwischen 1945 und 1952. In: Cornelia Epping-J\u00e4ger, Irmela Schneider (Hrsg.): Formationen der Mediennutzung III. Dispositive Ordnungen im Umbau. Bielefeld: transcript 2008, S. 77-96.\u00a0<a href=\"https:\/\/hoersaele.blogs.ruhr-uni-bochum.de\/wp-content\/uploads\/2017\/11\/Epping-J\u00e4ger-Der-Unerl\u00e4sslich-Ruhige-Ton.pdf\" target=\"_blank\" rel=\"noopener noreferrer\">pdf<\/a><\/p>\n<p style=\"text-align: justify;\">Epping-J\u00e4ger, Cornelia: Kontaktaktion. Die fr\u00fche Wiener Ausdrucksforschung und die Entdeckung des Rundfunkpublikums. In: Isabell Otto, Irmela Schneider (Hrsg.): Formationen der Mediennutzung II. Strategien der Verdatung. Bielefeld: transcript 2007, S. 55-72.\u00a0<a href=\"https:\/\/hoersaele.blogs.ruhr-uni-bochum.de\/wp-content\/uploads\/2017\/11\/Epping-J\u00e4ger-Kontaktaktion.pdf\" target=\"_blank\" rel=\"noopener noreferrer\">pdf<\/a><\/p>\n<p style=\"text-align: justify;\">Epping-J\u00e4ger, Cornelia: Gegnerverdatungen. Von den Geheimdienstanalysen zur Survey-Forschung. In: Isabell Otto, Irmela Schneider (Hrsg.): Formationen der Mediennutzung II. Strategien der Verdatung. Bielefeld: transcript 2007, S. 171-188.\u00a0<a href=\"https:\/\/hoersaele.blogs.ruhr-uni-bochum.de\/wp-content\/uploads\/2017\/11\/Epping-J\u00e4ger-Gegnerverdatungen.pdf\" target=\"_blank\" rel=\"noopener noreferrer\">pdf<\/a><\/p>\n","protected":false},"excerpt":{"rendered":"<p>Natalie Binczek: Binczek, Natalie: Literatur und Audiokultur, in: Natalie Binczek und Uwe Wirth (Hg.): Literatur und Audiokultur, Berlin\/Boston: de Gruyter<\/p>\n","protected":false},"author":7,"featured_media":0,"parent":0,"menu_order":0,"comment_status":"closed","ping_status":"closed","template":"","meta":{"colormag_page_container_layout":"default_layout","colormag_page_sidebar_layout":"default_layout","footnotes":""},"class_list":["post-78","page","type-page","status-publish","hentry"],"_links":{"self":[{"href":"https:\/\/hoersaele.blogs.ruhr-uni-bochum.de\/index.php?rest_route=\/wp\/v2\/pages\/78","targetHints":{"allow":["GET"]}}],"collection":[{"href":"https:\/\/hoersaele.blogs.ruhr-uni-bochum.de\/index.php?rest_route=\/wp\/v2\/pages"}],"about":[{"href":"https:\/\/hoersaele.blogs.ruhr-uni-bochum.de\/index.php?rest_route=\/wp\/v2\/types\/page"}],"author":[{"embeddable":true,"href":"https:\/\/hoersaele.blogs.ruhr-uni-bochum.de\/index.php?rest_route=\/wp\/v2\/users\/7"}],"replies":[{"embeddable":true,"href":"https:\/\/hoersaele.blogs.ruhr-uni-bochum.de\/index.php?rest_route=%2Fwp%2Fv2%2Fcomments&post=78"}],"version-history":[{"count":13,"href":"https:\/\/hoersaele.blogs.ruhr-uni-bochum.de\/index.php?rest_route=\/wp\/v2\/pages\/78\/revisions"}],"predecessor-version":[{"id":419,"href":"https:\/\/hoersaele.blogs.ruhr-uni-bochum.de\/index.php?rest_route=\/wp\/v2\/pages\/78\/revisions\/419"}],"wp:attachment":[{"href":"https:\/\/hoersaele.blogs.ruhr-uni-bochum.de\/index.php?rest_route=%2Fwp%2Fv2%2Fmedia&parent=78"}],"curies":[{"name":"wp","href":"https:\/\/api.w.org\/{rel}","templated":true}]}}